{"id":37,"date":"2025-11-24T22:44:03","date_gmt":"2025-11-24T22:44:03","guid":{"rendered":"http:\/\/luckydogscreation.com\/index.php\/classes\/"},"modified":"2025-11-25T20:26:45","modified_gmt":"2025-11-25T20:26:45","slug":"classes","status":"publish","type":"page","link":"https:\/\/luckydogscreation.com\/index.php\/classes\/","title":{"rendered":"Classes"},"content":{"rendered":"\t\t<div data-elementor-type=\"wp-page\" data-elementor-id=\"37\" class=\"elementor elementor-37\">\n\t\t\t\t<div class=\"elementor-element elementor-element-31cc56cd e-flex e-con-boxed e-con e-parent\" data-id=\"31cc56cd\" data-element_type=\"container\" data-e-type=\"container\" data-settings=\"{&quot;background_background&quot;:&quot;slideshow&quot;,&quot;background_slideshow_gallery&quot;:[],&quot;background_slideshow_loop&quot;:&quot;yes&quot;,&quot;background_slideshow_slide_duration&quot;:5000,&quot;background_slideshow_slide_transition&quot;:&quot;fade&quot;,&quot;background_slideshow_transition_duration&quot;:500}\">\n\t\t\t\t\t<div class=\"e-con-inner\">\n\t\t\t\t<div class=\"elementor-element elementor-element-2bf35b2 elementor-widget__width-initial elementor-widget elementor-widget-heading\" data-id=\"2bf35b2\" data-element_type=\"widget\" data-e-type=\"widget\" data-widget_type=\"heading.default\">\n\t\t\t\t\t<h4 class=\"elementor-heading-title elementor-size-default\"><b>Tout ce qu'il faut savoir pour choisir et entretenir ton harnais ou collier.<\/b><\/h4>\t\t\t\t<\/div>\n\t\t\t\t\t<\/div>\n\t\t\t\t<\/div>\n\t\t<div class=\"elementor-element elementor-element-49c75dec e-flex e-con-boxed e-con e-parent\" data-id=\"49c75dec\" data-element_type=\"container\" data-e-type=\"container\" id=\"classes\" data-settings=\"{&quot;background_background&quot;:&quot;classic&quot;}\">\n\t\t\t\t\t<div class=\"e-con-inner\">\n\t\t\t\t<div class=\"elementor-element elementor-element-592d4f02 elementor-widget elementor-widget-zigzag\" data-id=\"592d4f02\" data-element_type=\"widget\" data-e-type=\"widget\" data-settings=\"{&quot;image_shape&quot;:&quot;custom&quot;,&quot;image_shape_mobile&quot;:&quot;custom&quot;,&quot;zigzag_animation&quot;:&quot;none&quot;}\" data-widget_type=\"zigzag.default\">\n\t\t\t\t<div class=\"elementor-widget-container\">\n\t\t\t\t\t\t\t<div class=\"ehp-zigzag has-direction-start\">\n\t\t\t\t\t\t\t<div class=\"ehp-zigzag__item-wrapper\">\n\t\t\t\t\t<div class=\"ehp-zigzag__item-container\">\n\t\t\t\t\t\t\t\t<div class=\"ehp-zigzag__graphic-element-container has-image\">\n\t\t\t\t\t\t<div class=\"ehp-image ehp-zigzag__image-container\">\n\t\t\t\t<img decoding=\"async\" class=\"ehp-image__img ehp-zigzag__img has-shape-custom shape-type-image has-shape-sm-custom\" src=\"https:\/\/luckydogscreation.com\/wp-content\/uploads\/2025\/11\/IMG_5185.jpg\" title=\"Screenshot\" alt=\"Screenshot\" loading=\"lazy\" \/>\t\t\t<\/div>\n\t\t\t\t\t<\/div>\n\t\t\t\t<div class=\"ehp-zigzag__text-container is-graphic-image\">\n\t\t\t<h3 class=\"ehp-zigzag__title\">Entretien<\/h3><p class=\"ehp-zigzag__description\">Biothane \/ Hexa : <br>Passez un coup de chiffon humide apr\u00e8s chaque balade pour enlever la poussi\u00e8re ou la boue.\n<br>Pour un nettoyage complet : eau ti\u00e8de + savon doux, puis rincer.<br><br>\u00c0 \u00e9viter : produits chimiques agressifs, blanchiment, s\u00e9chage au s\u00e8che-cheveux.<br><br>Pour les accessoires peints :<br><br>Ne pas frotter ni appliquer de produit chimiques.<\/p>\t\t<\/div>\n\t\t\t\t\t\t\t<\/div>\n\t\t\t\t<\/div>\n\t\t\t\t\t\t\t\t<div class=\"ehp-zigzag__item-wrapper\">\n\t\t\t\t\t<div class=\"ehp-zigzag__item-container\">\n\t\t\t\t\t\t\t\t<div class=\"ehp-zigzag__graphic-element-container has-image\">\n\t\t\t\t\t\t<div class=\"ehp-image ehp-zigzag__image-container ehp-image ehp-zigzag__image-container\">\n\t\t\t\t<img decoding=\"async\" class=\"ehp-image__img ehp-zigzag__img has-shape-custom shape-type-image has-shape-sm-custom\" src=\"https:\/\/luckydogscreation.com\/wp-content\/uploads\/2025\/11\/IMG_5343.jpg\" title=\"Screenshot\" alt=\"Screenshot\" loading=\"lazy\" \/>\t\t\t<\/div>\n\t\t\t\t\t<\/div>\n\t\t\t\t<div class=\"ehp-zigzag__text-container is-graphic-image\">\n\t\t\t<h3 class=\"ehp-zigzag__title\">Prendre les mesures<\/h3><p class=\"ehp-zigzag__description\">Pour le confort et la s\u00e9curit\u00e9 de votre chien, la taille est essentielle.<br><br>A : Tour de cou pour le  collier<br>A : Tour de cou pour le Harnais \/ Prendre la base de la nuque et rejoindre le point osseux du thorax <br>B : Base de la nuque jusqu'a la mesure de la sangle du thorax ( Dos)<br>D : Tour de thorax : 5 \u00e0 7 cm derri\u00e8re les pattes avant<br>C : Poitrail : Mesure pour la sangle devant entre l'os du poitrail et rejoignez la mesure du thorax\n<br>Le harnais doit d\u00e9gager les \u00e9paules et permettre la libert\u00e9 de mouvement.<br><br>Pour des mesures parfaites, n'h\u00e9sitez pas \u00e0 me contacter.<br><br>Astuce : Le chien doit toujours \u00eatre debout.\n<\/p>\t\t<\/div>\n\t\t\t\t\t\t\t<\/div>\n\t\t\t\t<\/div>\n\t\t\t\t\t\t\t\t<div class=\"ehp-zigzag__item-wrapper\">\n\t\t\t\t\t<div class=\"ehp-zigzag__item-container\">\n\t\t\t\t\t\t\t\t<div class=\"ehp-zigzag__graphic-element-container has-image\">\n\t\t\t\t\t\t<div class=\"ehp-image ehp-zigzag__image-container ehp-image ehp-zigzag__image-container ehp-image ehp-zigzag__image-container\">\n\t\t\t\t<img decoding=\"async\" class=\"ehp-image__img ehp-zigzag__img has-shape-custom shape-type-image has-shape-sm-custom\" src=\"https:\/\/luckydogscreation.com\/wp-content\/uploads\/2025\/11\/IMG_5375.jpg\" title=\"Screenshot\" alt=\"Screenshot\" loading=\"lazy\" \/>\t\t\t<\/div>\n\t\t\t\t\t<\/div>\n\t\t\t\t<div class=\"ehp-zigzag__text-container is-graphic-image\">\n\t\t\t<h3 class=\"ehp-zigzag__title\">Doublure<\/h3><p class=\"ehp-zigzag__description\">Ajoutez une doublure souple et moelleuse pour rendre votre harnais encore plus agr\u00e9able \u00e0 porter au quotidien.<br><br>Id\u00e9ale pour limiter les frottements et am\u00e9liorer le confort de votre compagnon.<br><br>Important :<br>Par d\u00e9faut, les harnais ont une doublure en mousse au-dessus du tour de thorax, le long du dos, et sous le ventre. Les autres parties n'en comportent pas car elles sont r\u00e9glables.<br>C'est possible de faire l'ajout de doublure sur l'encolure, mais nous devrons voir les mesures ensembles.<br><br>La mousse sera cousue pour une tenue de longue dur\u00e9e.\n<br>Pour le confort de votre chien, j\u2019utilise la mousse Sympanova\u00ae , une mousse brevet\u00e9e de haute qualit\u00e9.<br><br>Doublure avec sherpa.<br><br>Pour une finition encore plus douce et agr\u00e9able, je propose \u00e9galement la doublure en Sherpa. Les avantages de cette mati\u00e8re :<br>Confort et chaleur : douce et agr\u00e9able au contact de la peau.<br>Respirabilit\u00e9 : laisse circuler l\u2019air pour \u00e9viter la surchauffe.<br>R\u00e9sistance des fibres : durable et adapt\u00e9e \u00e0 un usage quotidien.<\/p>\t\t<\/div>\n\t\t\t\t\t\t\t<\/div>\n\t\t\t\t<\/div>\n\t\t\t\t\t\t\t\t<div class=\"ehp-zigzag__item-wrapper\">\n\t\t\t\t\t<div class=\"ehp-zigzag__item-container\">\n\t\t\t\t\t\t\t\t<div class=\"ehp-zigzag__graphic-element-container has-image\">\n\t\t\t\t\t\t<div class=\"ehp-image ehp-zigzag__image-container ehp-image ehp-zigzag__image-container ehp-image ehp-zigzag__image-container ehp-image ehp-zigzag__image-container\">\n\t\t\t\t<img decoding=\"async\" class=\"ehp-image__img ehp-zigzag__img has-shape-custom shape-type-image has-shape-sm-custom\" src=\"https:\/\/luckydogscreation.com\/wp-content\/uploads\/2025\/11\/IMG_5356.jpg\" title=\"Screenshot\" alt=\"Screenshot\" loading=\"lazy\" \/>\t\t\t<\/div>\n\t\t\t\t\t<\/div>\n\t\t\t\t<div class=\"ehp-zigzag__text-container is-graphic-image\">\n\t\t\t<h3 class=\"ehp-zigzag__title\">Mousquetons et accessoires<\/h3><p class=\"ehp-zigzag__description\">Lors de la cr\u00e9ation de votre harnais, vous pouvez choisir parmi plusieurs options de mousquetons, selon vos besoins et le confort de votre chien :<br>Mousqueton classique<br>Mousqueton mexicain<br>Mousqueton de s\u00e9curit\u00e9<br><br>Chaque mousqueton est indiqu\u00e9 avec sa capacit\u00e9 maximale en kilos, afin de garantir s\u00e9curit\u00e9 et fiabilit\u00e9.<br><br>La taille et le type de bouclerie sont adapt\u00e9s aux harnais en fonction des disponibilit\u00e9s des fournisseurs et des dimensions du harnais choisi. <br>Toutes ces options sont disponibles directement dans la boutique.<br>Pour les personnalisations sur-mesure, vous pouvez \u00e9galement choisir :<br><br>La couleur de la bouclerie : noir, laiton, mat, ou rose...<br>Le type de mousqueton et les options de confort (mousse, Sherpa\u2026).<br>Ainsi, chaque harnais est con\u00e7u pour \u00eatre unique, confortable et s\u00e9curis\u00e9, selon vos choix et les besoins sp\u00e9cifiques de votre chien.<\/p>\t\t<\/div>\n\t\t\t\t\t\t\t<\/div>\n\t\t\t\t<\/div>\n\t\t\t\t\t\t\t<\/div>\n\t\t\t\t\t\t<\/div>\n\t\t\t\t<\/div>\n\t\t\t\t<div class=\"elementor-element elementor-element-2739210d animated-fast elementor-invisible elementor-widget elementor-widget-cta\" data-id=\"2739210d\" data-element_type=\"widget\" data-e-type=\"widget\" data-settings=\"{&quot;primary_button_shape&quot;:&quot;round&quot;,&quot;_animation&quot;:&quot;fadeIn&quot;,&quot;_animation_delay&quot;:&quot;100&quot;,&quot;layout_preset&quot;:&quot;streamline&quot;,&quot;cta_width_mobile&quot;:&quot;stretch&quot;,&quot;box_shape&quot;:&quot;rounded&quot;,&quot;content_alignment&quot;:&quot;center&quot;,&quot;content_alignment_tablet&quot;:&quot;center&quot;,&quot;content_alignment_mobile&quot;:&quot;center&quot;,&quot;cta_width&quot;:&quot;default&quot;,&quot;cta_position&quot;:&quot;default&quot;}\" data-widget_type=\"cta.default\">\n\t\t\t\t<div class=\"elementor-widget-container\">\n\t\t\t\t\t\t\t<div class=\"has-shape-rounded shape-type-box ehp-cta has-preset-streamline\">\n\t\t\t<div class=\"ehp-cta__overlay\"><\/div>\n\t\t\t<div class=\"ehp-cta__elements-container\">\n\t\t\t\t\t\t<div class=\"ehp-cta__text-container\">\n\t\t\t\t\t<\/div>\n\t\t\t\t\t<div class=\"ehp-cta__ctas-container has-cta-width-default has-cta-width-sm-stretch\">\n\t\t\t\t<div class=\"ehp-cta__buttons-wrapper\">\n\t\t\t\t\t\t\t\t\t\t\t\t\t\t<\/div>\n\t\t\t<\/div>\n\t\t\t\t\t<\/div>\n\t\t<\/div>\n\t\t\t\t\t\t<\/div>\n\t\t\t\t<\/div>\n\t\t\t\t\t<\/div>\n\t\t\t\t<\/div>\n\t\t<div class=\"elementor-element elementor-element-7bf1a491 e-flex e-con-boxed e-con e-parent\" data-id=\"7bf1a491\" data-element_type=\"container\" data-e-type=\"container\" data-settings=\"{&quot;background_background&quot;:&quot;classic&quot;,&quot;shape_divider_top&quot;:&quot;mountains&quot;}\">\n\t\t\t\t\t<div class=\"e-con-inner\">\n\t\t\t\t<div class=\"elementor-shape elementor-shape-top\" aria-hidden=\"true\" data-negative=\"false\">\n\t\t\t<svg xmlns=\"http:\/\/www.w3.org\/2000\/svg\" viewBox=\"0 0 1000 100\" preserveAspectRatio=\"none\">\n\t<path class=\"elementor-shape-fill\" opacity=\"0.33\" d=\"M473,67.3c-203.9,88.3-263.1-34-320.3,0C66,119.1,0,59.7,0,59.7V0h1000v59.7 c0,0-62.1,26.1-94.9,29.3c-32.8,3.3-62.8-12.3-75.8-22.1C806,49.6,745.3,8.7,694.9,4.7S492.4,59,473,67.3z\"\/>\n\t<path class=\"elementor-shape-fill\" opacity=\"0.66\" d=\"M734,67.3c-45.5,0-77.2-23.2-129.1-39.1c-28.6-8.7-150.3-10.1-254,39.1 s-91.7-34.4-149.2,0C115.7,118.3,0,39.8,0,39.8V0h1000v36.5c0,0-28.2-18.5-92.1-18.5C810.2,18.1,775.7,67.3,734,67.3z\"\/>\n\t<path class=\"elementor-shape-fill\" d=\"M766.1,28.9c-200-57.5-266,65.5-395.1,19.5C242,1.8,242,5.4,184.8,20.6C128,35.8,132.3,44.9,89.9,52.5C28.6,63.7,0,0,0,0 h1000c0,0-9.9,40.9-83.6,48.1S829.6,47,766.1,28.9z\"\/>\n<\/svg>\t\t<\/div>\n\t\t<div class=\"elementor-element elementor-element-674680e6 e-con-full e-flex e-con e-child\" data-id=\"674680e6\" data-element_type=\"container\" data-e-type=\"container\">\n\t\t\t\t<div class=\"elementor-element elementor-element-702dba65 elementor-widget elementor-widget-image\" data-id=\"702dba65\" data-element_type=\"widget\" data-e-type=\"widget\" data-widget_type=\"image.default\">\n\t\t\t\t\t\t\t\t\t\t\t\t\t\t\t<img fetchpriority=\"high\" decoding=\"async\" width=\"800\" height=\"784\" src=\"https:\/\/luckydogscreation.com\/wp-content\/uploads\/2025\/11\/IMG_5188-1024x1004.jpg\" class=\"attachment-large size-large wp-image-150\" alt=\"\" srcset=\"https:\/\/luckydogscreation.com\/wp-content\/uploads\/2025\/11\/IMG_5188-1024x1004.jpg 1024w, https:\/\/luckydogscreation.com\/wp-content\/uploads\/2025\/11\/IMG_5188-600x588.jpg 600w, https:\/\/luckydogscreation.com\/wp-content\/uploads\/2025\/11\/IMG_5188-300x294.jpg 300w, https:\/\/luckydogscreation.com\/wp-content\/uploads\/2025\/11\/IMG_5188-768x753.jpg 768w, https:\/\/luckydogscreation.com\/wp-content\/uploads\/2025\/11\/IMG_5188.jpg 1170w\" sizes=\"(max-width: 800px) 100vw, 800px\" \/>\t\t\t\t\t\t\t\t\t\t\t\t\t\t\t<\/div>\n\t\t\t\t<\/div>\n\t\t<div class=\"elementor-element elementor-element-6326c954 e-con-full e-flex e-con e-child\" data-id=\"6326c954\" data-element_type=\"container\" data-e-type=\"container\">\n\t\t\t\t<div class=\"elementor-element elementor-element-5e23c0cc animated-fast elementor-widget__width-inherit elementor-invisible elementor-widget elementor-widget-flex-hero\" data-id=\"5e23c0cc\" data-element_type=\"widget\" data-e-type=\"widget\" data-settings=\"{&quot;layout_preset&quot;:&quot;storytelling&quot;,&quot;primary_button_shape&quot;:&quot;round&quot;,&quot;_animation&quot;:&quot;fadeIn&quot;,&quot;_animation_delay&quot;:&quot;100&quot;,&quot;image_shape&quot;:&quot;sharp&quot;,&quot;box_shape&quot;:&quot;sharp&quot;}\" data-widget_type=\"flex-hero.default\">\n\t\t\t\t<div class=\"elementor-widget-container\">\n\t\t\t\t\t\t\t<div class=\"has-shape-sharp shape-type-box ehp-flex-hero has-layout-preset-storytelling\">\n\t\t\t\t\t\t<div class=\"ehp-flex-hero__overlay\"><\/div>\n\t\t\t<div class=\"ehp-flex-hero__content-container\">\n\t\t\t\t<p class=\"ehp-flex-hero__intro\">Votre chien m\u00e9rite un harnais ou collier confortable, s\u00fbr et durable !\n<br>Si vous avez des questions sur le choix de la taille, les mat\u00e9riaux ou le prix, contactez-moi, je vous guiderai pour cr\u00e9er l\u2019accessoire parfait.<\/p>\t\t\t<div class=\"ehp-flex-hero__ctas-container\">\n\t\t\t\t\t\t\t\t\t\t\t<\/div>\n\t\t\t\t\t<\/div>\n\t\t\t\t<div class=\"ehp-flex-hero__image-wrapper\">\n\t\t\t\t<\/div>\n\t\t\t\t<\/div>\n\t\t\t\t\t\t<\/div>\n\t\t\t\t<\/div>\n\t\t\t\t<\/div>\n\t\t\t\t\t<\/div>\n\t\t\t\t<\/div>\n\t\t\t\t<\/div>\n\t\t","protected":false},"excerpt":{"rendered":"<p>Tout ce qu&#8217;il faut savoir pour choisir et entretenir ton harnais ou collier. Entretien Biothane \/ Hexa : Passez un coup de chiffon humide apr\u00e8s chaque balade pour enlever la poussi\u00e8re ou la boue. Pour un nettoyage complet : eau ti\u00e8de + savon doux, puis rincer. \u00c0 \u00e9viter : produits chimiques agressifs, blanchiment, s\u00e9chage au [&hellip;]<\/p>\n","protected":false},"author":1,"featured_media":0,"parent":0,"menu_order":0,"comment_status":"closed","ping_status":"closed","template":"elementor_header_footer","meta":{"footnotes":""},"class_list":["post-37","page","type-page","status-publish","hentry"],"jetpack_sharing_enabled":true,"_links":{"self":[{"href":"https:\/\/luckydogscreation.com\/index.php\/wp-json\/wp\/v2\/pages\/37","targetHints":{"allow":["GET"]}}],"collection":[{"href":"https:\/\/luckydogscreation.com\/index.php\/wp-json\/wp\/v2\/pages"}],"about":[{"href":"https:\/\/luckydogscreation.com\/index.php\/wp-json\/wp\/v2\/types\/page"}],"author":[{"embeddable":true,"href":"https:\/\/luckydogscreation.com\/index.php\/wp-json\/wp\/v2\/users\/1"}],"replies":[{"embeddable":true,"href":"https:\/\/luckydogscreation.com\/index.php\/wp-json\/wp\/v2\/comments?post=37"}],"version-history":[{"count":10,"href":"https:\/\/luckydogscreation.com\/index.php\/wp-json\/wp\/v2\/pages\/37\/revisions"}],"predecessor-version":[{"id":325,"href":"https:\/\/luckydogscreation.com\/index.php\/wp-json\/wp\/v2\/pages\/37\/revisions\/325"}],"wp:attachment":[{"href":"https:\/\/luckydogscreation.com\/index.php\/wp-json\/wp\/v2\/media?parent=37"}],"curies":[{"name":"wp","href":"https:\/\/api.w.org\/{rel}","templated":true}]}}