{"id":45,"date":"2025-11-24T22:44:04","date_gmt":"2025-11-24T22:44:04","guid":{"rendered":"http:\/\/luckydogscreation.com\/index.php\/booking\/"},"modified":"2025-11-25T18:36:40","modified_gmt":"2025-11-25T18:36:40","slug":"booking","status":"publish","type":"page","link":"https:\/\/luckydogscreation.com\/index.php\/booking\/","title":{"rendered":"Booking"},"content":{"rendered":"\t\t<div data-elementor-type=\"wp-page\" data-elementor-id=\"45\" class=\"elementor elementor-45\">\n\t\t\t\t<div class=\"elementor-element elementor-element-90a2e0a e-flex e-con-boxed e-con e-parent\" data-id=\"90a2e0a\" data-element_type=\"container\" data-e-type=\"container\">\n\t\t\t\t\t<div class=\"e-con-inner\">\n\t\t<div class=\"elementor-element elementor-element-5eddce2b e-con-full e-flex e-con e-child\" data-id=\"5eddce2b\" data-element_type=\"container\" data-e-type=\"container\">\n\t\t\t\t<div class=\"elementor-element elementor-element-2ac60f9b animated-fast elementor-widget__width-inherit elementor-invisible elementor-widget elementor-widget-flex-hero\" data-id=\"2ac60f9b\" data-element_type=\"widget\" data-e-type=\"widget\" data-settings=\"{&quot;layout_preset&quot;:&quot;storytelling&quot;,&quot;primary_button_shape&quot;:&quot;round&quot;,&quot;_animation&quot;:&quot;fadeIn&quot;,&quot;_animation_delay&quot;:&quot;100&quot;,&quot;image_shape&quot;:&quot;sharp&quot;,&quot;box_shape&quot;:&quot;sharp&quot;}\" data-widget_type=\"flex-hero.default\">\n\t\t\t\t<div class=\"elementor-widget-container\">\n\t\t\t\t\t\t\t<div class=\"has-shape-sharp shape-type-box ehp-flex-hero has-layout-preset-storytelling\">\n\t\t\t\t\t\t<div class=\"ehp-flex-hero__overlay\"><\/div>\n\t\t\t<div class=\"ehp-flex-hero__content-container\">\n\t\t\t\t<h4 class=\"ehp-flex-hero__heading\">Tu veux des renseignements ?<\/h4>\t\t\t<div class=\"ehp-flex-hero__ctas-container\">\n\t\t\t\t\t\t\t\t\t\t\t<\/div>\n\t\t\t\t\t<\/div>\n\t\t\t\t<div class=\"ehp-flex-hero__image-wrapper\">\n\t\t\t\t<\/div>\n\t\t\t\t<\/div>\n\t\t\t\t\t\t<\/div>\n\t\t\t\t<\/div>\n\t\t\t\t<\/div>\n\t\t<div class=\"elementor-element elementor-element-3db3e19b e-con-full e-flex e-con e-child\" data-id=\"3db3e19b\" data-element_type=\"container\" data-e-type=\"container\">\n\t\t\t\t<div class=\"elementor-element elementor-element-4858229 elementor-widget elementor-widget-cta\" data-id=\"4858229\" data-element_type=\"widget\" data-e-type=\"widget\" data-settings=\"{&quot;layout_preset&quot;:&quot;storytelling&quot;,&quot;primary_button_shape&quot;:&quot;round&quot;,&quot;content_alignment&quot;:&quot;center&quot;,&quot;content_alignment_tablet&quot;:&quot;center&quot;,&quot;content_alignment_mobile&quot;:&quot;center&quot;,&quot;image_shape&quot;:&quot;sharp&quot;,&quot;secondary_button_shape&quot;:&quot;default&quot;,&quot;cta_width&quot;:&quot;default&quot;,&quot;cta_position&quot;:&quot;default&quot;,&quot;box_shape&quot;:&quot;sharp&quot;}\" data-widget_type=\"cta.default\">\n\t\t\t\t<div class=\"elementor-widget-container\">\n\t\t\t\t\t\t\t<div class=\"has-shape-sharp shape-type-box ehp-cta has-preset-storytelling\">\n\t\t\t<div class=\"ehp-cta__overlay\"><\/div>\n\t\t\t<div class=\"ehp-cta__elements-container\">\n\t\t\t\t\t\t<div class=\"ehp-cta__text-container\">\n\t\t\t<h2 class=\"ehp-cta__heading\">Une question, une id\u00e9e, une envie ? <\/h2><p class=\"ehp-cta__description\">\u00c9cris moi et parlons de ton chien et de sa prochaine cr\u00e9ation unique, je te r\u00e9ponds avec plaisir !<\/p>\t\t<\/div>\n\t\t\t\t\t<div class=\"ehp-cta__ctas-container has-cta-width-default\">\n\t\t\t\t<div class=\"ehp-cta__buttons-wrapper\">\n\t\t\t\t\t\t\t\t\t\t\t\t\t\t<\/div>\n\t\t\t<\/div>\n\t\t\t\t\t<\/div>\n\t\t<\/div>\n\t\t\t\t\t\t<\/div>\n\t\t\t\t<\/div>\n\t\t\t\t<\/div>\n\t\t<div class=\"elementor-element elementor-element-3d62b6a1 e-con-full e-flex e-con e-child\" data-id=\"3d62b6a1\" data-element_type=\"container\" data-e-type=\"container\">\n\t\t\t\t<div class=\"elementor-element elementor-element-1ea14bef elementor-widget elementor-widget-image\" data-id=\"1ea14bef\" data-element_type=\"widget\" data-e-type=\"widget\" data-widget_type=\"image.default\">\n\t\t\t\t\t\t\t\t\t\t\t\t\t\t\t<img fetchpriority=\"high\" decoding=\"async\" width=\"671\" height=\"1024\" src=\"https:\/\/luckydogscreation.com\/wp-content\/uploads\/2025\/11\/IMG_5191-671x1024.jpg\" class=\"attachment-large size-large wp-image-153\" alt=\"\" srcset=\"https:\/\/luckydogscreation.com\/wp-content\/uploads\/2025\/11\/IMG_5191-671x1024.jpg 671w, https:\/\/luckydogscreation.com\/wp-content\/uploads\/2025\/11\/IMG_5191-600x916.jpg 600w, https:\/\/luckydogscreation.com\/wp-content\/uploads\/2025\/11\/IMG_5191-197x300.jpg 197w, https:\/\/luckydogscreation.com\/wp-content\/uploads\/2025\/11\/IMG_5191-768x1172.jpg 768w, https:\/\/luckydogscreation.com\/wp-content\/uploads\/2025\/11\/IMG_5191-1006x1536.jpg 1006w, https:\/\/luckydogscreation.com\/wp-content\/uploads\/2025\/11\/IMG_5191.jpg 1014w\" sizes=\"(max-width: 671px) 100vw, 671px\" \/>\t\t\t\t\t\t\t\t\t\t\t\t\t\t\t<\/div>\n\t\t\t\t<\/div>\n\t\t<div class=\"elementor-element elementor-element-401ffc7a e-con-full e-flex e-con e-child\" data-id=\"401ffc7a\" data-element_type=\"container\" data-e-type=\"container\">\n\t\t\t\t<div class=\"elementor-element elementor-element-6dc6ffd9 elementor-widget elementor-widget-ehp-form\" data-id=\"6dc6ffd9\" data-element_type=\"widget\" data-e-type=\"widget\" data-settings=\"{&quot;button_shape&quot;:&quot;round&quot;,&quot;layout_preset&quot;:&quot;quick-connect&quot;,&quot;button_width&quot;:&quot;100&quot;,&quot;box_shape&quot;:&quot;sharp&quot;}\" data-widget_type=\"ehp-form.default\">\n\t\t\t\t<div class=\"elementor-widget-container\">\n\t\t\t\t\t\t\t<form class=\"has-shape-sharp shape-type-box ehp-form has-layout-preset-quick-connect\" name=\"New Form\" method=\"post\" id=\"\">\n\t\t\t\t\t<div class=\"ehp-form__text-container\">\n\t\t\t\t\t<\/div>\n\t\t\t\t\t<input type=\"hidden\" name=\"post_id\" value=\"45\"\/>\n\t\t\t<input type=\"hidden\" name=\"form_id\" value=\"6dc6ffd9\"\/>\n\t\t\t<input type=\"hidden\" name=\"referer_title\" value=\"Booking - Lucky dog&#039;s creation\"\/>\n\n\t\t\t\t\t\t\t<input type=\"hidden\" name=\"queried_id\" value=\"45\"\/>\n\t\t\t\n\t\t\t<div class=\"ehp-form__content\">\n\t\t\t\t\t\t\t\t<div class=\"ehp-form__wrapper\">\n\t\t\t\t\t\t\t\t\t\t\t<div class=\"ehp-form__field-group is-field-type-text is-field-group-name has-width-100 has-border has-shape-round\">\n\t\t\t\t\t\t\t\t\t\t\t\t\t\t\t<label for=\"form-field-name\" class=\"ehp-form__field-label elementor-screen-only\">\n\t\t\t\t\t\t\t\t\tName\t\t\t\t\t\t\t\t<\/label>\n\t\t\t\t\t\t\t\t\t\t\t\t\t\t\t\t\t<input size=\"1\" type=\"text\" name=\"form_fields[name]\" id=\"form-field-name\" class=\"ehp-form__field elementor-size-xs  elementor-field-textual\" placeholder=\"Nom Pr\u00e9nom\">\n\t\t\t\t\t\t\t\t\t\t\t\t\t\t\t<\/div>\n\t\t\t\t\t\t\t\t\t\t\t<div class=\"ehp-form__field-group is-field-type-email is-field-group-email has-width-100 is-field-required has-border has-shape-round\">\n\t\t\t\t\t\t\t\t\t\t\t\t\t\t\t<label for=\"form-field-email\" class=\"ehp-form__field-label elementor-screen-only\">\n\t\t\t\t\t\t\t\t\tEmail\t\t\t\t\t\t\t\t<\/label>\n\t\t\t\t\t\t\t\t\t\t\t\t\t\t\t\t\t<input size=\"1\" type=\"email\" name=\"form_fields[email]\" id=\"form-field-email\" class=\"ehp-form__field elementor-size-xs  elementor-field-textual\" placeholder=\"Email:\" required=\"required\" aria-required=\"true\">\n\t\t\t\t\t\t\t\t\t\t\t\t\t\t\t<\/div>\n\t\t\t\t\t\t\t\t\t\t\t<div class=\"ehp-form__field-group is-field-type-textarea is-field-group- has-width-100 has-border has-shape-round\">\n\t\t\t\t\t\t\t<textarea class=\"elementor-field-textual ehp-form__field eph-form__textarea  elementor-size-xs\" name=\"form_fields[]\" id=\"form-field-\" rows=\"4\" placeholder=\"Demande : \"><\/textarea>\t\t\t\t\t\t<\/div>\n\t\t\t\t\t\t\t\t\t\t\t\t<div class=\"ehp-form__submit-group has-width-100\">\n\t\t\t<button class=\"has-shape-round shape-type-button ehp-form__button is-type-button\" type=\"submit\">\n\t\t\t\t\t\t\t\t\t\t\t\t\t\n\t\t\t\t\t\t\t\t\t<span class=\"ehp-form__button-text\">Envoyer<\/span>\n\t\t\t\t\t\t\t<\/button>\n\t\t<\/div>\n\t\t\t\t\t\t<\/div>\n\t\t\t<\/div>\n\t\t\t<div class=\"ehp-form__overlay\"><\/div>\n\t\t<\/form>\n\t\t\t\t\t\t<\/div>\n\t\t\t\t<\/div>\n\t\t\t\t<\/div>\n\t\t\t\t\t<\/div>\n\t\t\t\t<\/div>\n\t\t\t\t<\/div>\n\t\t","protected":false},"excerpt":{"rendered":"<p>Tu veux des renseignements ? Une question, une id\u00e9e, une envie ? \u00c9cris moi et parlons de ton chien et de sa prochaine cr\u00e9ation unique, je te r\u00e9ponds avec plaisir !<\/p>\n","protected":false},"author":1,"featured_media":0,"parent":0,"menu_order":0,"comment_status":"closed","ping_status":"closed","template":"elementor_header_footer","meta":{"footnotes":""},"class_list":["post-45","page","type-page","status-publish","hentry"],"jetpack_sharing_enabled":true,"_links":{"self":[{"href":"https:\/\/luckydogscreation.com\/index.php\/wp-json\/wp\/v2\/pages\/45","targetHints":{"allow":["GET"]}}],"collection":[{"href":"https:\/\/luckydogscreation.com\/index.php\/wp-json\/wp\/v2\/pages"}],"about":[{"href":"https:\/\/luckydogscreation.com\/index.php\/wp-json\/wp\/v2\/types\/page"}],"author":[{"embeddable":true,"href":"https:\/\/luckydogscreation.com\/index.php\/wp-json\/wp\/v2\/users\/1"}],"replies":[{"embeddable":true,"href":"https:\/\/luckydogscreation.com\/index.php\/wp-json\/wp\/v2\/comments?post=45"}],"version-history":[{"count":14,"href":"https:\/\/luckydogscreation.com\/index.php\/wp-json\/wp\/v2\/pages\/45\/revisions"}],"predecessor-version":[{"id":284,"href":"https:\/\/luckydogscreation.com\/index.php\/wp-json\/wp\/v2\/pages\/45\/revisions\/284"}],"wp:attachment":[{"href":"https:\/\/luckydogscreation.com\/index.php\/wp-json\/wp\/v2\/media?parent=45"}],"curies":[{"name":"wp","href":"https:\/\/api.w.org\/{rel}","templated":true}]}}